{"id":307,"date":"2017-05-09T15:33:04","date_gmt":"2017-05-09T21:33:04","guid":{"rendered":"https:\/\/www.insae.com.mx\/?page_id=307"},"modified":"2024-06-04T16:45:46","modified_gmt":"2024-06-04T22:45:46","slug":"politica-de-privacidad","status":"publish","type":"page","link":"https:\/\/www.insae.com.mx\/?page_id=307","title":{"rendered":"Politica de privacidad"},"content":{"rendered":"","protected":false},"excerpt":{"rendered":"","protected":false},"author":1,"featured_media":0,"parent":0,"menu_order":0,"comment_status":"closed","ping_status":"closed","template":"","meta":{"footnotes":""},"class_list":["post-307","page","type-page","status-publish","czr-hentry"],"yoast_head":"<!-- This site is optimized with the Yoast SEO plugin v27.4 - https:\/\/yoast.com\/product\/yoast-seo-wordpress\/ -->\n<title>Politica de privacidad - Inform\u00e1tica, Soluci\u00f3n y Asesor\u00eda Empresarial<\/title>\n<meta name=\"robots\" content=\"index, follow, max-snippet:-1, max-image-preview:large, max-video-preview:-1\" \/>\n<link rel=\"canonical\" href=\"https:\/\/www.insae.com.mx\/?page_id=307\" \/>\n<meta property=\"og:locale\" content=\"es_ES\" \/>\n<meta property=\"og:type\" content=\"article\" \/>\n<meta property=\"og:title\" content=\"Politica de privacidad - Inform\u00e1tica, Soluci\u00f3n y Asesor\u00eda Empresarial\" \/>\n<meta property=\"og:url\" content=\"https:\/\/www.insae.com.mx\/?page_id=307\" \/>\n<meta property=\"og:site_name\" content=\"Inform\u00e1tica, Soluci\u00f3n y Asesor\u00eda Empresarial\" \/>\n<meta property=\"article:modified_time\" content=\"2024-06-04T22:45:46+00:00\" \/>\n<meta name=\"twitter:card\" content=\"summary_large_image\" \/>\n<meta name=\"twitter:label1\" content=\"Tiempo de lectura\" \/>\n\t<meta name=\"twitter:data1\" content=\"4 minutos\" \/>\n<script type=\"application\/ld+json\" class=\"yoast-schema-graph\">{\"@context\":\"https:\\\/\\\/schema.org\",\"@graph\":[{\"@type\":\"WebPage\",\"@id\":\"https:\\\/\\\/www.insae.com.mx\\\/?page_id=307\",\"url\":\"https:\\\/\\\/www.insae.com.mx\\\/?page_id=307\",\"name\":\"Politica de privacidad - Inform\u00e1tica, Soluci\u00f3n y Asesor\u00eda Empresarial\",\"isPartOf\":{\"@id\":\"https:\\\/\\\/www.insae.com.mx\\\/#website\"},\"datePublished\":\"2017-05-09T21:33:04+00:00\",\"dateModified\":\"2024-06-04T22:45:46+00:00\",\"breadcrumb\":{\"@id\":\"https:\\\/\\\/www.insae.com.mx\\\/?page_id=307#breadcrumb\"},\"inLanguage\":\"es\",\"potentialAction\":[{\"@type\":\"ReadAction\",\"target\":[\"https:\\\/\\\/www.insae.com.mx\\\/?page_id=307\"]}]},{\"@type\":\"BreadcrumbList\",\"@id\":\"https:\\\/\\\/www.insae.com.mx\\\/?page_id=307#breadcrumb\",\"itemListElement\":[{\"@type\":\"ListItem\",\"position\":1,\"name\":\"Inicio\",\"item\":\"https:\\\/\\\/www.insae.com.mx\\\/\"},{\"@type\":\"ListItem\",\"position\":2,\"name\":\"Politica de privacidad\"}]},{\"@type\":\"WebSite\",\"@id\":\"https:\\\/\\\/www.insae.com.mx\\\/#website\",\"url\":\"https:\\\/\\\/www.insae.com.mx\\\/\",\"name\":\"Inform\u00e1tica, Soluci\u00f3n y Asesor\u00eda Empresarial\",\"description\":\"Venta de Equipos de C\u00f3mputo, Accesorios e Impresoras. Asesor\u00edas y Soporte T\u00e9cnico\",\"publisher\":{\"@id\":\"https:\\\/\\\/www.insae.com.mx\\\/#organization\"},\"potentialAction\":[{\"@type\":\"SearchAction\",\"target\":{\"@type\":\"EntryPoint\",\"urlTemplate\":\"https:\\\/\\\/www.insae.com.mx\\\/?s={search_term_string}\"},\"query-input\":{\"@type\":\"PropertyValueSpecification\",\"valueRequired\":true,\"valueName\":\"search_term_string\"}}],\"inLanguage\":\"es\"},{\"@type\":\"Organization\",\"@id\":\"https:\\\/\\\/www.insae.com.mx\\\/#organization\",\"name\":\"INSAE\",\"url\":\"https:\\\/\\\/www.insae.com.mx\\\/\",\"logo\":{\"@type\":\"ImageObject\",\"inLanguage\":\"es\",\"@id\":\"https:\\\/\\\/www.insae.com.mx\\\/#\\\/schema\\\/logo\\\/image\\\/\",\"url\":\"https:\\\/\\\/www.insae.com.mx\\\/wp-content\\\/uploads\\\/2017\\\/05\\\/cropped-cropped-cropped-cropped-logo-min-4.png\",\"contentUrl\":\"https:\\\/\\\/www.insae.com.mx\\\/wp-content\\\/uploads\\\/2017\\\/05\\\/cropped-cropped-cropped-cropped-logo-min-4.png\",\"width\":197,\"height\":52,\"caption\":\"INSAE\"},\"image\":{\"@id\":\"https:\\\/\\\/www.insae.com.mx\\\/#\\\/schema\\\/logo\\\/image\\\/\"}}]}<\/script>\n<!-- \/ Yoast SEO plugin. -->","yoast_head_json":{"title":"Politica de privacidad - Inform\u00e1tica, Soluci\u00f3n y Asesor\u00eda Empresarial","robots":{"index":"index","follow":"follow","max-snippet":"max-snippet:-1","max-image-preview":"max-image-preview:large","max-video-preview":"max-video-preview:-1"},"canonical":"https:\/\/www.insae.com.mx\/?page_id=307","og_locale":"es_ES","og_type":"article","og_title":"Politica de privacidad - Inform\u00e1tica, Soluci\u00f3n y Asesor\u00eda Empresarial","og_url":"https:\/\/www.insae.com.mx\/?page_id=307","og_site_name":"Inform\u00e1tica, Soluci\u00f3n y Asesor\u00eda Empresarial","article_modified_time":"2024-06-04T22:45:46+00:00","twitter_card":"summary_large_image","twitter_misc":{"Tiempo de lectura":"4 minutos"},"schema":{"@context":"https:\/\/schema.org","@graph":[{"@type":"WebPage","@id":"https:\/\/www.insae.com.mx\/?page_id=307","url":"https:\/\/www.insae.com.mx\/?page_id=307","name":"Politica de privacidad - Inform\u00e1tica, Soluci\u00f3n y Asesor\u00eda Empresarial","isPartOf":{"@id":"https:\/\/www.insae.com.mx\/#website"},"datePublished":"2017-05-09T21:33:04+00:00","dateModified":"2024-06-04T22:45:46+00:00","breadcrumb":{"@id":"https:\/\/www.insae.com.mx\/?page_id=307#breadcrumb"},"inLanguage":"es","potentialAction":[{"@type":"ReadAction","target":["https:\/\/www.insae.com.mx\/?page_id=307"]}]},{"@type":"BreadcrumbList","@id":"https:\/\/www.insae.com.mx\/?page_id=307#breadcrumb","itemListElement":[{"@type":"ListItem","position":1,"name":"Inicio","item":"https:\/\/www.insae.com.mx\/"},{"@type":"ListItem","position":2,"name":"Politica de privacidad"}]},{"@type":"WebSite","@id":"https:\/\/www.insae.com.mx\/#website","url":"https:\/\/www.insae.com.mx\/","name":"Inform\u00e1tica, Soluci\u00f3n y Asesor\u00eda Empresarial","description":"Venta de Equipos de C\u00f3mputo, Accesorios e Impresoras. Asesor\u00edas y Soporte T\u00e9cnico","publisher":{"@id":"https:\/\/www.insae.com.mx\/#organization"},"potentialAction":[{"@type":"SearchAction","target":{"@type":"EntryPoint","urlTemplate":"https:\/\/www.insae.com.mx\/?s={search_term_string}"},"query-input":{"@type":"PropertyValueSpecification","valueRequired":true,"valueName":"search_term_string"}}],"inLanguage":"es"},{"@type":"Organization","@id":"https:\/\/www.insae.com.mx\/#organization","name":"INSAE","url":"https:\/\/www.insae.com.mx\/","logo":{"@type":"ImageObject","inLanguage":"es","@id":"https:\/\/www.insae.com.mx\/#\/schema\/logo\/image\/","url":"https:\/\/www.insae.com.mx\/wp-content\/uploads\/2017\/05\/cropped-cropped-cropped-cropped-logo-min-4.png","contentUrl":"https:\/\/www.insae.com.mx\/wp-content\/uploads\/2017\/05\/cropped-cropped-cropped-cropped-logo-min-4.png","width":197,"height":52,"caption":"INSAE"},"image":{"@id":"https:\/\/www.insae.com.mx\/#\/schema\/logo\/image\/"}}]}},"_links":{"self":[{"href":"https:\/\/www.insae.com.mx\/index.php?rest_route=\/wp\/v2\/pages\/307","targetHints":{"allow":["GET"]}}],"collection":[{"href":"https:\/\/www.insae.com.mx\/index.php?rest_route=\/wp\/v2\/pages"}],"about":[{"href":"https:\/\/www.insae.com.mx\/index.php?rest_route=\/wp\/v2\/types\/page"}],"author":[{"embeddable":true,"href":"https:\/\/www.insae.com.mx\/index.php?rest_route=\/wp\/v2\/users\/1"}],"replies":[{"embeddable":true,"href":"https:\/\/www.insae.com.mx\/index.php?rest_route=%2Fwp%2Fv2%2Fcomments&post=307"}],"version-history":[{"count":5,"href":"https:\/\/www.insae.com.mx\/index.php?rest_route=\/wp\/v2\/pages\/307\/revisions"}],"predecessor-version":[{"id":3532,"href":"https:\/\/www.insae.com.mx\/index.php?rest_route=\/wp\/v2\/pages\/307\/revisions\/3532"}],"wp:attachment":[{"href":"https:\/\/www.insae.com.mx\/index.php?rest_route=%2Fwp%2Fv2%2Fmedia&parent=307"}],"curies":[{"name":"wp","href":"https:\/\/api.w.org\/{rel}","templated":true}]}}