{"id":1445,"date":"2020-01-19T16:24:41","date_gmt":"2020-01-19T22:24:41","guid":{"rendered":"https:\/\/www.insae.com.mx\/?post_type=product&#038;p=1445"},"modified":"2026-03-12T22:35:06","modified_gmt":"2026-03-13T04:35:06","slug":"utileria-adjuntar-contpaqi","status":"publish","type":"product","link":"https:\/\/www.insae.com.mx\/?product=utileria-adjuntar-contpaqi","title":{"rendered":"Adjuntar Masivamente BD  de ContPAQi a SQL 2012 o Superior"},"content":{"rendered":"","protected":false},"excerpt":{"rendered":"<ol>\n<li>Permite Adjuntar Masivamente BD de:<\/li>\n<\/ol>\n<ul>\n<li>Contpaqi Contabilidad<\/li>\n<li>Contpaqi Bancos<\/li>\n<li>Contpaqi Comercial Premium<\/li>\n<li>Contpaqi Nominas<\/li>\n<li>Contpaqi Administrador de Documentos Digitales<\/li>\n<li>Para Licenciamiento Anual debe elegirlo por paquete para obtener los Meses deseados<\/li>\n<li>Se puede instalar y activar en cualquier PC con una sola Licencia por 3 Meses<\/li>\n<\/ul>\n<p>&nbsp;<\/p>\n","protected":false},"featured_media":1530,"comment_status":"open","ping_status":"closed","template":"","meta":[],"product_brand":[],"product_cat":[63],"product_tag":[],"class_list":{"0":"post-1445","1":"product","2":"type-product","3":"status-publish","4":"has-post-thumbnail","6":"product_cat-sistemas","8":"first","9":"instock","10":"featured","11":"virtual","12":"taxable","13":"purchasable","14":"product-type-simple","15":"czr-hentry"},"yoast_head":"<!-- This site is optimized with the Yoast SEO plugin v27.4 - https:\/\/yoast.com\/product\/yoast-seo-wordpress\/ -->\n<title>Adjuntar Masivamente BD de ContPAQi a SQL 2012 o Superior<\/title>\n<meta name=\"description\" content=\"Utileria para Adjuntar Masivamente Bases de Datos de ContPAQi y SQL Server\" \/>\n<meta name=\"robots\" content=\"index, follow, max-snippet:-1, max-image-preview:large, max-video-preview:-1\" \/>\n<link rel=\"canonical\" href=\"https:\/\/www.insae.com.mx\/?product=utileria-adjuntar-contpaqi\" \/>\n<meta property=\"og:locale\" content=\"es_ES\" \/>\n<meta property=\"og:type\" content=\"article\" \/>\n<meta property=\"og:title\" content=\"Adjuntar Masivamente BD de ContPAQi a SQL 2012 o Superior\" \/>\n<meta property=\"og:description\" content=\"Utileria para Adjuntar Masivamente Bases de Datos de ContPAQi y SQL Server\" \/>\n<meta property=\"og:url\" content=\"https:\/\/www.insae.com.mx\/?product=utileria-adjuntar-contpaqi\" \/>\n<meta property=\"og:site_name\" content=\"Inform\u00e1tica, Soluci\u00f3n y Asesor\u00eda Empresarial\" \/>\n<meta property=\"article:modified_time\" content=\"2026-03-13T04:35:06+00:00\" \/>\n<meta property=\"og:image\" content=\"https:\/\/www.insae.com.mx\/wp-content\/uploads\/2020\/01\/AdjuntarBDSQLCti.png\" \/>\n\t<meta property=\"og:image:width\" content=\"623\" \/>\n\t<meta property=\"og:image:height\" content=\"676\" \/>\n\t<meta property=\"og:image:type\" content=\"image\/png\" \/>\n<meta name=\"twitter:card\" content=\"summary_large_image\" \/>\n<meta name=\"twitter:label1\" content=\"Tiempo de lectura\" \/>\n\t<meta name=\"twitter:data1\" content=\"3 minutos\" \/>\n<script type=\"application\/ld+json\" class=\"yoast-schema-graph\">{\"@context\":\"https:\\\/\\\/schema.org\",\"@graph\":[{\"@type\":\"WebPage\",\"@id\":\"https:\\\/\\\/www.insae.com.mx\\\/?product=utileria-adjuntar-contpaqi\",\"url\":\"https:\\\/\\\/www.insae.com.mx\\\/?product=utileria-adjuntar-contpaqi\",\"name\":\"Adjuntar Masivamente BD de ContPAQi a SQL 2012 o Superior\",\"isPartOf\":{\"@id\":\"https:\\\/\\\/www.insae.com.mx\\\/#website\"},\"primaryImageOfPage\":{\"@id\":\"https:\\\/\\\/www.insae.com.mx\\\/?product=utileria-adjuntar-contpaqi#primaryimage\"},\"image\":{\"@id\":\"https:\\\/\\\/www.insae.com.mx\\\/?product=utileria-adjuntar-contpaqi#primaryimage\"},\"thumbnailUrl\":\"https:\\\/\\\/www.insae.com.mx\\\/wp-content\\\/uploads\\\/2020\\\/01\\\/AdjuntarBDSQLCti.png\",\"datePublished\":\"2020-01-19T22:24:41+00:00\",\"dateModified\":\"2026-03-13T04:35:06+00:00\",\"description\":\"Utileria para Adjuntar Masivamente Bases de Datos de ContPAQi y SQL Server\",\"breadcrumb\":{\"@id\":\"https:\\\/\\\/www.insae.com.mx\\\/?product=utileria-adjuntar-contpaqi#breadcrumb\"},\"inLanguage\":\"es\",\"potentialAction\":[{\"@type\":\"ReadAction\",\"target\":[\"https:\\\/\\\/www.insae.com.mx\\\/?product=utileria-adjuntar-contpaqi\"]}]},{\"@type\":\"ImageObject\",\"inLanguage\":\"es\",\"@id\":\"https:\\\/\\\/www.insae.com.mx\\\/?product=utileria-adjuntar-contpaqi#primaryimage\",\"url\":\"https:\\\/\\\/www.insae.com.mx\\\/wp-content\\\/uploads\\\/2020\\\/01\\\/AdjuntarBDSQLCti.png\",\"contentUrl\":\"https:\\\/\\\/www.insae.com.mx\\\/wp-content\\\/uploads\\\/2020\\\/01\\\/AdjuntarBDSQLCti.png\",\"width\":623,\"height\":676},{\"@type\":\"BreadcrumbList\",\"@id\":\"https:\\\/\\\/www.insae.com.mx\\\/?product=utileria-adjuntar-contpaqi#breadcrumb\",\"itemListElement\":[{\"@type\":\"ListItem\",\"position\":1,\"name\":\"Inicio\",\"item\":\"https:\\\/\\\/www.insae.com.mx\\\/\"},{\"@type\":\"ListItem\",\"position\":2,\"name\":\"Tienda\",\"item\":\"https:\\\/\\\/www.insae.com.mx\\\/?page_id=69\"},{\"@type\":\"ListItem\",\"position\":3,\"name\":\"Adjuntar Masivamente BD de ContPAQi a SQL 2012 o Superior\"}]},{\"@type\":\"WebSite\",\"@id\":\"https:\\\/\\\/www.insae.com.mx\\\/#website\",\"url\":\"https:\\\/\\\/www.insae.com.mx\\\/\",\"name\":\"Inform\u00e1tica, Soluci\u00f3n y Asesor\u00eda Empresarial\",\"description\":\"Venta de Equipos de C\u00f3mputo, Accesorios e Impresoras. Asesor\u00edas y Soporte T\u00e9cnico\",\"publisher\":{\"@id\":\"https:\\\/\\\/www.insae.com.mx\\\/#organization\"},\"potentialAction\":[{\"@type\":\"SearchAction\",\"target\":{\"@type\":\"EntryPoint\",\"urlTemplate\":\"https:\\\/\\\/www.insae.com.mx\\\/?s={search_term_string}\"},\"query-input\":{\"@type\":\"PropertyValueSpecification\",\"valueRequired\":true,\"valueName\":\"search_term_string\"}}],\"inLanguage\":\"es\"},{\"@type\":\"Organization\",\"@id\":\"https:\\\/\\\/www.insae.com.mx\\\/#organization\",\"name\":\"INSAE\",\"url\":\"https:\\\/\\\/www.insae.com.mx\\\/\",\"logo\":{\"@type\":\"ImageObject\",\"inLanguage\":\"es\",\"@id\":\"https:\\\/\\\/www.insae.com.mx\\\/#\\\/schema\\\/logo\\\/image\\\/\",\"url\":\"https:\\\/\\\/www.insae.com.mx\\\/wp-content\\\/uploads\\\/2017\\\/05\\\/cropped-cropped-cropped-cropped-logo-min-4.png\",\"contentUrl\":\"https:\\\/\\\/www.insae.com.mx\\\/wp-content\\\/uploads\\\/2017\\\/05\\\/cropped-cropped-cropped-cropped-logo-min-4.png\",\"width\":197,\"height\":52,\"caption\":\"INSAE\"},\"image\":{\"@id\":\"https:\\\/\\\/www.insae.com.mx\\\/#\\\/schema\\\/logo\\\/image\\\/\"}}]}<\/script>\n<!-- \/ Yoast SEO plugin. -->","yoast_head_json":{"title":"Adjuntar Masivamente BD de ContPAQi a SQL 2012 o Superior","description":"Utileria para Adjuntar Masivamente Bases de Datos de ContPAQi y SQL Server","robots":{"index":"index","follow":"follow","max-snippet":"max-snippet:-1","max-image-preview":"max-image-preview:large","max-video-preview":"max-video-preview:-1"},"canonical":"https:\/\/www.insae.com.mx\/?product=utileria-adjuntar-contpaqi","og_locale":"es_ES","og_type":"article","og_title":"Adjuntar Masivamente BD de ContPAQi a SQL 2012 o Superior","og_description":"Utileria para Adjuntar Masivamente Bases de Datos de ContPAQi y SQL Server","og_url":"https:\/\/www.insae.com.mx\/?product=utileria-adjuntar-contpaqi","og_site_name":"Inform\u00e1tica, Soluci\u00f3n y Asesor\u00eda Empresarial","article_modified_time":"2026-03-13T04:35:06+00:00","og_image":[{"width":623,"height":676,"url":"https:\/\/www.insae.com.mx\/wp-content\/uploads\/2020\/01\/AdjuntarBDSQLCti.png","type":"image\/png"}],"twitter_card":"summary_large_image","twitter_misc":{"Tiempo de lectura":"3 minutos"},"schema":{"@context":"https:\/\/schema.org","@graph":[{"@type":"WebPage","@id":"https:\/\/www.insae.com.mx\/?product=utileria-adjuntar-contpaqi","url":"https:\/\/www.insae.com.mx\/?product=utileria-adjuntar-contpaqi","name":"Adjuntar Masivamente BD de ContPAQi a SQL 2012 o Superior","isPartOf":{"@id":"https:\/\/www.insae.com.mx\/#website"},"primaryImageOfPage":{"@id":"https:\/\/www.insae.com.mx\/?product=utileria-adjuntar-contpaqi#primaryimage"},"image":{"@id":"https:\/\/www.insae.com.mx\/?product=utileria-adjuntar-contpaqi#primaryimage"},"thumbnailUrl":"https:\/\/www.insae.com.mx\/wp-content\/uploads\/2020\/01\/AdjuntarBDSQLCti.png","datePublished":"2020-01-19T22:24:41+00:00","dateModified":"2026-03-13T04:35:06+00:00","description":"Utileria para Adjuntar Masivamente Bases de Datos de ContPAQi y SQL Server","breadcrumb":{"@id":"https:\/\/www.insae.com.mx\/?product=utileria-adjuntar-contpaqi#breadcrumb"},"inLanguage":"es","potentialAction":[{"@type":"ReadAction","target":["https:\/\/www.insae.com.mx\/?product=utileria-adjuntar-contpaqi"]}]},{"@type":"ImageObject","inLanguage":"es","@id":"https:\/\/www.insae.com.mx\/?product=utileria-adjuntar-contpaqi#primaryimage","url":"https:\/\/www.insae.com.mx\/wp-content\/uploads\/2020\/01\/AdjuntarBDSQLCti.png","contentUrl":"https:\/\/www.insae.com.mx\/wp-content\/uploads\/2020\/01\/AdjuntarBDSQLCti.png","width":623,"height":676},{"@type":"BreadcrumbList","@id":"https:\/\/www.insae.com.mx\/?product=utileria-adjuntar-contpaqi#breadcrumb","itemListElement":[{"@type":"ListItem","position":1,"name":"Inicio","item":"https:\/\/www.insae.com.mx\/"},{"@type":"ListItem","position":2,"name":"Tienda","item":"https:\/\/www.insae.com.mx\/?page_id=69"},{"@type":"ListItem","position":3,"name":"Adjuntar Masivamente BD de ContPAQi a SQL 2012 o Superior"}]},{"@type":"WebSite","@id":"https:\/\/www.insae.com.mx\/#website","url":"https:\/\/www.insae.com.mx\/","name":"Inform\u00e1tica, Soluci\u00f3n y Asesor\u00eda Empresarial","description":"Venta de Equipos de C\u00f3mputo, Accesorios e Impresoras. Asesor\u00edas y Soporte T\u00e9cnico","publisher":{"@id":"https:\/\/www.insae.com.mx\/#organization"},"potentialAction":[{"@type":"SearchAction","target":{"@type":"EntryPoint","urlTemplate":"https:\/\/www.insae.com.mx\/?s={search_term_string}"},"query-input":{"@type":"PropertyValueSpecification","valueRequired":true,"valueName":"search_term_string"}}],"inLanguage":"es"},{"@type":"Organization","@id":"https:\/\/www.insae.com.mx\/#organization","name":"INSAE","url":"https:\/\/www.insae.com.mx\/","logo":{"@type":"ImageObject","inLanguage":"es","@id":"https:\/\/www.insae.com.mx\/#\/schema\/logo\/image\/","url":"https:\/\/www.insae.com.mx\/wp-content\/uploads\/2017\/05\/cropped-cropped-cropped-cropped-logo-min-4.png","contentUrl":"https:\/\/www.insae.com.mx\/wp-content\/uploads\/2017\/05\/cropped-cropped-cropped-cropped-logo-min-4.png","width":197,"height":52,"caption":"INSAE"},"image":{"@id":"https:\/\/www.insae.com.mx\/#\/schema\/logo\/image\/"}}]}},"_links":{"self":[{"href":"https:\/\/www.insae.com.mx\/index.php?rest_route=\/wp\/v2\/product\/1445","targetHints":{"allow":["GET"]}}],"collection":[{"href":"https:\/\/www.insae.com.mx\/index.php?rest_route=\/wp\/v2\/product"}],"about":[{"href":"https:\/\/www.insae.com.mx\/index.php?rest_route=\/wp\/v2\/types\/product"}],"replies":[{"embeddable":true,"href":"https:\/\/www.insae.com.mx\/index.php?rest_route=%2Fwp%2Fv2%2Fcomments&post=1445"}],"version-history":[{"count":36,"href":"https:\/\/www.insae.com.mx\/index.php?rest_route=\/wp\/v2\/product\/1445\/revisions"}],"predecessor-version":[{"id":3906,"href":"https:\/\/www.insae.com.mx\/index.php?rest_route=\/wp\/v2\/product\/1445\/revisions\/3906"}],"wp:featuredmedia":[{"embeddable":true,"href":"https:\/\/www.insae.com.mx\/index.php?rest_route=\/wp\/v2\/media\/1530"}],"wp:attachment":[{"href":"https:\/\/www.insae.com.mx\/index.php?rest_route=%2Fwp%2Fv2%2Fmedia&parent=1445"}],"wp:term":[{"taxonomy":"product_brand","embeddable":true,"href":"https:\/\/www.insae.com.mx\/index.php?rest_route=%2Fwp%2Fv2%2Fproduct_brand&post=1445"},{"taxonomy":"product_cat","embeddable":true,"href":"https:\/\/www.insae.com.mx\/index.php?rest_route=%2Fwp%2Fv2%2Fproduct_cat&post=1445"},{"taxonomy":"product_tag","embeddable":true,"href":"https:\/\/www.insae.com.mx\/index.php?rest_route=%2Fwp%2Fv2%2Fproduct_tag&post=1445"}],"curies":[{"name":"wp","href":"https:\/\/api.w.org\/{rel}","templated":true}]}}