{"id":2002,"date":"2020-08-05T14:50:11","date_gmt":"2020-08-05T20:50:11","guid":{"rendered":"https:\/\/www.insae.com.mx\/?post_type=product&#038;p=2002"},"modified":"2026-04-14T01:41:30","modified_gmt":"2026-04-14T07:41:30","slug":"kaspersky-internet-security-for-android-esd","status":"publish","type":"product","link":"https:\/\/www.insae.com.mx\/?product=kaspersky-internet-security-for-android-esd","title":{"rendered":"Kaspersky Internet Security for Android ESD 1 licencia"},"content":{"rendered":"","protected":false},"excerpt":{"rendered":"<div class=\"col-sm-6\">\n<div class=\"row\">\n<ul>\n<li>Tipo de licencia Licencia b\u00e1sica<\/li>\n<li>Cantidad de licencia 1 licencia(s)<\/li>\n<li>N\u00famero de a\u00f1os 1 a\u00f1o(s)<\/li>\n<\/ul>\n<\/div>\n<\/div>\n<div class=\"col-sm-6\">\n<h5><\/h5>\n<\/div>\n","protected":false},"featured_media":2009,"comment_status":"open","ping_status":"closed","template":"","meta":[],"product_brand":[],"product_cat":[62],"product_tag":[],"class_list":{"0":"post-2002","1":"product","2":"type-product","3":"status-publish","4":"has-post-thumbnail","6":"product_cat-antivirus","8":"first","9":"instock","10":"taxable","11":"shipping-taxable","12":"purchasable","13":"product-type-simple","14":"czr-hentry"},"yoast_head":"<!-- This site is optimized with the Yoast SEO plugin v27.4 - https:\/\/yoast.com\/product\/yoast-seo-wordpress\/ -->\n<title>Kaspersky Internet Security for Android ESD 1 licencia - Inform\u00e1tica, Soluci\u00f3n y Asesor\u00eda Empresarial<\/title>\n<meta name=\"robots\" content=\"index, follow, max-snippet:-1, max-image-preview:large, max-video-preview:-1\" \/>\n<link rel=\"canonical\" href=\"https:\/\/www.insae.com.mx\/?product=kaspersky-internet-security-for-android-esd\" \/>\n<meta property=\"og:locale\" content=\"es_ES\" \/>\n<meta property=\"og:type\" content=\"article\" \/>\n<meta property=\"og:title\" content=\"Kaspersky Internet Security for Android ESD 1 licencia - Inform\u00e1tica, Soluci\u00f3n y Asesor\u00eda Empresarial\" \/>\n<meta property=\"og:description\" content=\"Tipo de licencia Licencia b\u00e1sica  Cantidad de licencia 1 licencia(s)  N\u00famero de a\u00f1os 1 a\u00f1o(s)\" \/>\n<meta property=\"og:url\" content=\"https:\/\/www.insae.com.mx\/?product=kaspersky-internet-security-for-android-esd\" \/>\n<meta property=\"og:site_name\" content=\"Inform\u00e1tica, Soluci\u00f3n y Asesor\u00eda Empresarial\" \/>\n<meta property=\"article:modified_time\" content=\"2026-04-14T07:41:30+00:00\" \/>\n<meta property=\"og:image\" content=\"https:\/\/www.insae.com.mx\/wp-content\/uploads\/2020\/08\/Sin-t\u00edtulo-1.fw_.png\" \/>\n\t<meta property=\"og:image:width\" content=\"400\" \/>\n\t<meta property=\"og:image:height\" content=\"400\" \/>\n\t<meta property=\"og:image:type\" content=\"image\/png\" \/>\n<meta name=\"twitter:card\" content=\"summary_large_image\" \/>\n<meta name=\"twitter:label1\" content=\"Tiempo de lectura\" \/>\n\t<meta name=\"twitter:data1\" content=\"1 minuto\" \/>\n<script type=\"application\/ld+json\" class=\"yoast-schema-graph\">{\"@context\":\"https:\\\/\\\/schema.org\",\"@graph\":[{\"@type\":\"WebPage\",\"@id\":\"https:\\\/\\\/www.insae.com.mx\\\/?product=kaspersky-internet-security-for-android-esd\",\"url\":\"https:\\\/\\\/www.insae.com.mx\\\/?product=kaspersky-internet-security-for-android-esd\",\"name\":\"Kaspersky Internet Security for Android ESD 1 licencia - Inform\u00e1tica, Soluci\u00f3n y Asesor\u00eda Empresarial\",\"isPartOf\":{\"@id\":\"https:\\\/\\\/www.insae.com.mx\\\/#website\"},\"primaryImageOfPage\":{\"@id\":\"https:\\\/\\\/www.insae.com.mx\\\/?product=kaspersky-internet-security-for-android-esd#primaryimage\"},\"image\":{\"@id\":\"https:\\\/\\\/www.insae.com.mx\\\/?product=kaspersky-internet-security-for-android-esd#primaryimage\"},\"thumbnailUrl\":\"https:\\\/\\\/www.insae.com.mx\\\/wp-content\\\/uploads\\\/2020\\\/08\\\/Sin-t\u00edtulo-1.fw_.png\",\"datePublished\":\"2020-08-05T20:50:11+00:00\",\"dateModified\":\"2026-04-14T07:41:30+00:00\",\"breadcrumb\":{\"@id\":\"https:\\\/\\\/www.insae.com.mx\\\/?product=kaspersky-internet-security-for-android-esd#breadcrumb\"},\"inLanguage\":\"es\",\"potentialAction\":[{\"@type\":\"ReadAction\",\"target\":[\"https:\\\/\\\/www.insae.com.mx\\\/?product=kaspersky-internet-security-for-android-esd\"]}]},{\"@type\":\"ImageObject\",\"inLanguage\":\"es\",\"@id\":\"https:\\\/\\\/www.insae.com.mx\\\/?product=kaspersky-internet-security-for-android-esd#primaryimage\",\"url\":\"https:\\\/\\\/www.insae.com.mx\\\/wp-content\\\/uploads\\\/2020\\\/08\\\/Sin-t\u00edtulo-1.fw_.png\",\"contentUrl\":\"https:\\\/\\\/www.insae.com.mx\\\/wp-content\\\/uploads\\\/2020\\\/08\\\/Sin-t\u00edtulo-1.fw_.png\",\"width\":400,\"height\":400},{\"@type\":\"BreadcrumbList\",\"@id\":\"https:\\\/\\\/www.insae.com.mx\\\/?product=kaspersky-internet-security-for-android-esd#breadcrumb\",\"itemListElement\":[{\"@type\":\"ListItem\",\"position\":1,\"name\":\"Inicio\",\"item\":\"https:\\\/\\\/www.insae.com.mx\\\/\"},{\"@type\":\"ListItem\",\"position\":2,\"name\":\"Tienda\",\"item\":\"https:\\\/\\\/www.insae.com.mx\\\/?page_id=69\"},{\"@type\":\"ListItem\",\"position\":3,\"name\":\"Kaspersky Internet Security for Android ESD 1 licencia\"}]},{\"@type\":\"WebSite\",\"@id\":\"https:\\\/\\\/www.insae.com.mx\\\/#website\",\"url\":\"https:\\\/\\\/www.insae.com.mx\\\/\",\"name\":\"Inform\u00e1tica, Soluci\u00f3n y Asesor\u00eda Empresarial\",\"description\":\"Venta de Equipos de C\u00f3mputo, Accesorios e Impresoras. Asesor\u00edas y Soporte T\u00e9cnico\",\"publisher\":{\"@id\":\"https:\\\/\\\/www.insae.com.mx\\\/#organization\"},\"potentialAction\":[{\"@type\":\"SearchAction\",\"target\":{\"@type\":\"EntryPoint\",\"urlTemplate\":\"https:\\\/\\\/www.insae.com.mx\\\/?s={search_term_string}\"},\"query-input\":{\"@type\":\"PropertyValueSpecification\",\"valueRequired\":true,\"valueName\":\"search_term_string\"}}],\"inLanguage\":\"es\"},{\"@type\":\"Organization\",\"@id\":\"https:\\\/\\\/www.insae.com.mx\\\/#organization\",\"name\":\"INSAE\",\"url\":\"https:\\\/\\\/www.insae.com.mx\\\/\",\"logo\":{\"@type\":\"ImageObject\",\"inLanguage\":\"es\",\"@id\":\"https:\\\/\\\/www.insae.com.mx\\\/#\\\/schema\\\/logo\\\/image\\\/\",\"url\":\"https:\\\/\\\/www.insae.com.mx\\\/wp-content\\\/uploads\\\/2017\\\/05\\\/cropped-cropped-cropped-cropped-logo-min-4.png\",\"contentUrl\":\"https:\\\/\\\/www.insae.com.mx\\\/wp-content\\\/uploads\\\/2017\\\/05\\\/cropped-cropped-cropped-cropped-logo-min-4.png\",\"width\":197,\"height\":52,\"caption\":\"INSAE\"},\"image\":{\"@id\":\"https:\\\/\\\/www.insae.com.mx\\\/#\\\/schema\\\/logo\\\/image\\\/\"}}]}<\/script>\n<!-- \/ Yoast SEO plugin. -->","yoast_head_json":{"title":"Kaspersky Internet Security for Android ESD 1 licencia - Inform\u00e1tica, Soluci\u00f3n y Asesor\u00eda Empresarial","robots":{"index":"index","follow":"follow","max-snippet":"max-snippet:-1","max-image-preview":"max-image-preview:large","max-video-preview":"max-video-preview:-1"},"canonical":"https:\/\/www.insae.com.mx\/?product=kaspersky-internet-security-for-android-esd","og_locale":"es_ES","og_type":"article","og_title":"Kaspersky Internet Security for Android ESD 1 licencia - Inform\u00e1tica, Soluci\u00f3n y Asesor\u00eda Empresarial","og_description":"Tipo de licencia Licencia b\u00e1sica  Cantidad de licencia 1 licencia(s)  N\u00famero de a\u00f1os 1 a\u00f1o(s)","og_url":"https:\/\/www.insae.com.mx\/?product=kaspersky-internet-security-for-android-esd","og_site_name":"Inform\u00e1tica, Soluci\u00f3n y Asesor\u00eda Empresarial","article_modified_time":"2026-04-14T07:41:30+00:00","og_image":[{"width":400,"height":400,"url":"https:\/\/www.insae.com.mx\/wp-content\/uploads\/2020\/08\/Sin-t\u00edtulo-1.fw_.png","type":"image\/png"}],"twitter_card":"summary_large_image","twitter_misc":{"Tiempo de lectura":"1 minuto"},"schema":{"@context":"https:\/\/schema.org","@graph":[{"@type":"WebPage","@id":"https:\/\/www.insae.com.mx\/?product=kaspersky-internet-security-for-android-esd","url":"https:\/\/www.insae.com.mx\/?product=kaspersky-internet-security-for-android-esd","name":"Kaspersky Internet Security for Android ESD 1 licencia - Inform\u00e1tica, Soluci\u00f3n y Asesor\u00eda Empresarial","isPartOf":{"@id":"https:\/\/www.insae.com.mx\/#website"},"primaryImageOfPage":{"@id":"https:\/\/www.insae.com.mx\/?product=kaspersky-internet-security-for-android-esd#primaryimage"},"image":{"@id":"https:\/\/www.insae.com.mx\/?product=kaspersky-internet-security-for-android-esd#primaryimage"},"thumbnailUrl":"https:\/\/www.insae.com.mx\/wp-content\/uploads\/2020\/08\/Sin-t\u00edtulo-1.fw_.png","datePublished":"2020-08-05T20:50:11+00:00","dateModified":"2026-04-14T07:41:30+00:00","breadcrumb":{"@id":"https:\/\/www.insae.com.mx\/?product=kaspersky-internet-security-for-android-esd#breadcrumb"},"inLanguage":"es","potentialAction":[{"@type":"ReadAction","target":["https:\/\/www.insae.com.mx\/?product=kaspersky-internet-security-for-android-esd"]}]},{"@type":"ImageObject","inLanguage":"es","@id":"https:\/\/www.insae.com.mx\/?product=kaspersky-internet-security-for-android-esd#primaryimage","url":"https:\/\/www.insae.com.mx\/wp-content\/uploads\/2020\/08\/Sin-t\u00edtulo-1.fw_.png","contentUrl":"https:\/\/www.insae.com.mx\/wp-content\/uploads\/2020\/08\/Sin-t\u00edtulo-1.fw_.png","width":400,"height":400},{"@type":"BreadcrumbList","@id":"https:\/\/www.insae.com.mx\/?product=kaspersky-internet-security-for-android-esd#breadcrumb","itemListElement":[{"@type":"ListItem","position":1,"name":"Inicio","item":"https:\/\/www.insae.com.mx\/"},{"@type":"ListItem","position":2,"name":"Tienda","item":"https:\/\/www.insae.com.mx\/?page_id=69"},{"@type":"ListItem","position":3,"name":"Kaspersky Internet Security for Android ESD 1 licencia"}]},{"@type":"WebSite","@id":"https:\/\/www.insae.com.mx\/#website","url":"https:\/\/www.insae.com.mx\/","name":"Inform\u00e1tica, Soluci\u00f3n y Asesor\u00eda Empresarial","description":"Venta de Equipos de C\u00f3mputo, Accesorios e Impresoras. Asesor\u00edas y Soporte T\u00e9cnico","publisher":{"@id":"https:\/\/www.insae.com.mx\/#organization"},"potentialAction":[{"@type":"SearchAction","target":{"@type":"EntryPoint","urlTemplate":"https:\/\/www.insae.com.mx\/?s={search_term_string}"},"query-input":{"@type":"PropertyValueSpecification","valueRequired":true,"valueName":"search_term_string"}}],"inLanguage":"es"},{"@type":"Organization","@id":"https:\/\/www.insae.com.mx\/#organization","name":"INSAE","url":"https:\/\/www.insae.com.mx\/","logo":{"@type":"ImageObject","inLanguage":"es","@id":"https:\/\/www.insae.com.mx\/#\/schema\/logo\/image\/","url":"https:\/\/www.insae.com.mx\/wp-content\/uploads\/2017\/05\/cropped-cropped-cropped-cropped-logo-min-4.png","contentUrl":"https:\/\/www.insae.com.mx\/wp-content\/uploads\/2017\/05\/cropped-cropped-cropped-cropped-logo-min-4.png","width":197,"height":52,"caption":"INSAE"},"image":{"@id":"https:\/\/www.insae.com.mx\/#\/schema\/logo\/image\/"}}]}},"_links":{"self":[{"href":"https:\/\/www.insae.com.mx\/index.php?rest_route=\/wp\/v2\/product\/2002","targetHints":{"allow":["GET"]}}],"collection":[{"href":"https:\/\/www.insae.com.mx\/index.php?rest_route=\/wp\/v2\/product"}],"about":[{"href":"https:\/\/www.insae.com.mx\/index.php?rest_route=\/wp\/v2\/types\/product"}],"replies":[{"embeddable":true,"href":"https:\/\/www.insae.com.mx\/index.php?rest_route=%2Fwp%2Fv2%2Fcomments&post=2002"}],"version-history":[{"count":2,"href":"https:\/\/www.insae.com.mx\/index.php?rest_route=\/wp\/v2\/product\/2002\/revisions"}],"predecessor-version":[{"id":2528,"href":"https:\/\/www.insae.com.mx\/index.php?rest_route=\/wp\/v2\/product\/2002\/revisions\/2528"}],"wp:featuredmedia":[{"embeddable":true,"href":"https:\/\/www.insae.com.mx\/index.php?rest_route=\/wp\/v2\/media\/2009"}],"wp:attachment":[{"href":"https:\/\/www.insae.com.mx\/index.php?rest_route=%2Fwp%2Fv2%2Fmedia&parent=2002"}],"wp:term":[{"taxonomy":"product_brand","embeddable":true,"href":"https:\/\/www.insae.com.mx\/index.php?rest_route=%2Fwp%2Fv2%2Fproduct_brand&post=2002"},{"taxonomy":"product_cat","embeddable":true,"href":"https:\/\/www.insae.com.mx\/index.php?rest_route=%2Fwp%2Fv2%2Fproduct_cat&post=2002"},{"taxonomy":"product_tag","embeddable":true,"href":"https:\/\/www.insae.com.mx\/index.php?rest_route=%2Fwp%2Fv2%2Fproduct_tag&post=2002"}],"curies":[{"name":"wp","href":"https:\/\/api.w.org\/{rel}","templated":true}]}}