{"id":3169,"date":"2021-07-30T15:29:27","date_gmt":"2021-07-30T21:29:27","guid":{"rendered":"https:\/\/www.insae.com.mx\/?post_type=product&#038;p=3169"},"modified":"2025-09-26T16:06:48","modified_gmt":"2025-09-26T22:06:48","slug":"modifica-fechas-contpaqi","status":"publish","type":"product","link":"https:\/\/www.insae.com.mx\/?product=modifica-fechas-contpaqi","title":{"rendered":"Utileria Ajuste de Fechas en Contpaqi Comercial Premium"},"content":{"rendered":"","protected":false},"excerpt":{"rendered":"<p>Permite Modificar en ContPaqi Comercial Premium:<\/p>\n<ul>\n<li>Fechas en cualquier documento generado independientemente en que mes fu\u00e9 creado<\/li>\n<li>Modifica las fechas de Documentos Masivamente<\/li>\n<li>Modificar campo Sistema Origen<\/li>\n<li>Modificar Unidades de Medidas a Productos<\/li>\n<li>Licenciamiento Anual<\/li>\n<li>Se puede instalar y activar en cualquier PC con una sola Licencia por 1 a\u00f1o<\/li>\n<\/ul>\n<p>&nbsp;<\/p>\n","protected":false},"featured_media":3170,"comment_status":"open","ping_status":"closed","template":"","meta":[],"product_brand":[],"product_cat":[63],"product_tag":[],"class_list":{"0":"post-3169","1":"product","2":"type-product","3":"status-publish","4":"has-post-thumbnail","6":"product_cat-sistemas","8":"first","9":"instock","10":"sale","11":"featured","12":"virtual","13":"taxable","14":"purchasable","15":"product-type-simple","16":"czr-hentry"},"yoast_head":"<!-- This site is optimized with the Yoast SEO plugin v27.4 - https:\/\/yoast.com\/product\/yoast-seo-wordpress\/ -->\n<title>Utileria Ajuste de Fechas en Contpaqi Comercial Premium<\/title>\n<meta name=\"description\" content=\"Permite Modificar en ContPaqi Comercial Premium: Fechas, Clientes y Proveedores en cualquier documento generado\" \/>\n<meta name=\"robots\" content=\"index, follow, max-snippet:-1, max-image-preview:large, max-video-preview:-1\" \/>\n<link rel=\"canonical\" href=\"https:\/\/www.insae.com.mx\/?product=modifica-fechas-contpaqi\" \/>\n<meta property=\"og:locale\" content=\"es_ES\" \/>\n<meta property=\"og:type\" content=\"article\" \/>\n<meta property=\"og:title\" content=\"Utileria Ajuste de Fechas en Contpaqi Comercial Premium - Inform\u00e1tica, Soluci\u00f3n y Asesor\u00eda Empresarial\" \/>\n<meta property=\"og:description\" content=\"Permite Modificar en ContPaqi Comercial Premium: Fechas, Clientes y Proveedores en cualquier documento generado\" \/>\n<meta property=\"og:url\" content=\"https:\/\/www.insae.com.mx\/?product=modifica-fechas-contpaqi\" \/>\n<meta property=\"og:site_name\" content=\"Inform\u00e1tica, Soluci\u00f3n y Asesor\u00eda Empresarial\" \/>\n<meta property=\"article:modified_time\" content=\"2025-09-26T22:06:48+00:00\" \/>\n<meta property=\"og:image\" content=\"https:\/\/www.insae.com.mx\/wp-content\/uploads\/2021\/07\/Caratula-fechas-1.png\" \/>\n\t<meta property=\"og:image:width\" content=\"1700\" \/>\n\t<meta property=\"og:image:height\" content=\"624\" \/>\n\t<meta property=\"og:image:type\" content=\"image\/png\" \/>\n<meta name=\"twitter:card\" content=\"summary_large_image\" \/>\n<meta name=\"twitter:label1\" content=\"Tiempo de lectura\" \/>\n\t<meta name=\"twitter:data1\" content=\"1 minuto\" \/>\n<script type=\"application\/ld+json\" class=\"yoast-schema-graph\">{\"@context\":\"https:\\\/\\\/schema.org\",\"@graph\":[{\"@type\":\"WebPage\",\"@id\":\"https:\\\/\\\/www.insae.com.mx\\\/?product=modifica-fechas-contpaqi\",\"url\":\"https:\\\/\\\/www.insae.com.mx\\\/?product=modifica-fechas-contpaqi\",\"name\":\"Utileria Ajuste de Fechas en Contpaqi Comercial Premium\",\"isPartOf\":{\"@id\":\"https:\\\/\\\/www.insae.com.mx\\\/#website\"},\"primaryImageOfPage\":{\"@id\":\"https:\\\/\\\/www.insae.com.mx\\\/?product=modifica-fechas-contpaqi#primaryimage\"},\"image\":{\"@id\":\"https:\\\/\\\/www.insae.com.mx\\\/?product=modifica-fechas-contpaqi#primaryimage\"},\"thumbnailUrl\":\"https:\\\/\\\/www.insae.com.mx\\\/wp-content\\\/uploads\\\/2021\\\/07\\\/FECHAS-CTI-PREMIUM-FOTO.png\",\"datePublished\":\"2021-07-30T21:29:27+00:00\",\"dateModified\":\"2025-09-26T22:06:48+00:00\",\"description\":\"Permite Modificar en ContPaqi Comercial Premium: Fechas, Clientes y Proveedores en cualquier documento generado\",\"breadcrumb\":{\"@id\":\"https:\\\/\\\/www.insae.com.mx\\\/?product=modifica-fechas-contpaqi#breadcrumb\"},\"inLanguage\":\"es\",\"potentialAction\":[{\"@type\":\"ReadAction\",\"target\":[\"https:\\\/\\\/www.insae.com.mx\\\/?product=modifica-fechas-contpaqi\"]}]},{\"@type\":\"ImageObject\",\"inLanguage\":\"es\",\"@id\":\"https:\\\/\\\/www.insae.com.mx\\\/?product=modifica-fechas-contpaqi#primaryimage\",\"url\":\"https:\\\/\\\/www.insae.com.mx\\\/wp-content\\\/uploads\\\/2021\\\/07\\\/FECHAS-CTI-PREMIUM-FOTO.png\",\"contentUrl\":\"https:\\\/\\\/www.insae.com.mx\\\/wp-content\\\/uploads\\\/2021\\\/07\\\/FECHAS-CTI-PREMIUM-FOTO.png\",\"width\":583,\"height\":445},{\"@type\":\"BreadcrumbList\",\"@id\":\"https:\\\/\\\/www.insae.com.mx\\\/?product=modifica-fechas-contpaqi#breadcrumb\",\"itemListElement\":[{\"@type\":\"ListItem\",\"position\":1,\"name\":\"Inicio\",\"item\":\"https:\\\/\\\/www.insae.com.mx\\\/\"},{\"@type\":\"ListItem\",\"position\":2,\"name\":\"Tienda\",\"item\":\"https:\\\/\\\/www.insae.com.mx\\\/?page_id=69\"},{\"@type\":\"ListItem\",\"position\":3,\"name\":\"Utileria Ajuste de Fechas en Contpaqi Comercial Premium\"}]},{\"@type\":\"WebSite\",\"@id\":\"https:\\\/\\\/www.insae.com.mx\\\/#website\",\"url\":\"https:\\\/\\\/www.insae.com.mx\\\/\",\"name\":\"Inform\u00e1tica, Soluci\u00f3n y Asesor\u00eda Empresarial\",\"description\":\"Venta de Equipos de C\u00f3mputo, Accesorios e Impresoras. Asesor\u00edas y Soporte T\u00e9cnico\",\"publisher\":{\"@id\":\"https:\\\/\\\/www.insae.com.mx\\\/#organization\"},\"potentialAction\":[{\"@type\":\"SearchAction\",\"target\":{\"@type\":\"EntryPoint\",\"urlTemplate\":\"https:\\\/\\\/www.insae.com.mx\\\/?s={search_term_string}\"},\"query-input\":{\"@type\":\"PropertyValueSpecification\",\"valueRequired\":true,\"valueName\":\"search_term_string\"}}],\"inLanguage\":\"es\"},{\"@type\":\"Organization\",\"@id\":\"https:\\\/\\\/www.insae.com.mx\\\/#organization\",\"name\":\"INSAE\",\"url\":\"https:\\\/\\\/www.insae.com.mx\\\/\",\"logo\":{\"@type\":\"ImageObject\",\"inLanguage\":\"es\",\"@id\":\"https:\\\/\\\/www.insae.com.mx\\\/#\\\/schema\\\/logo\\\/image\\\/\",\"url\":\"https:\\\/\\\/www.insae.com.mx\\\/wp-content\\\/uploads\\\/2017\\\/05\\\/cropped-cropped-cropped-cropped-logo-min-4.png\",\"contentUrl\":\"https:\\\/\\\/www.insae.com.mx\\\/wp-content\\\/uploads\\\/2017\\\/05\\\/cropped-cropped-cropped-cropped-logo-min-4.png\",\"width\":197,\"height\":52,\"caption\":\"INSAE\"},\"image\":{\"@id\":\"https:\\\/\\\/www.insae.com.mx\\\/#\\\/schema\\\/logo\\\/image\\\/\"}}]}<\/script>\n<!-- \/ Yoast SEO plugin. -->","yoast_head_json":{"title":"Utileria Ajuste de Fechas en Contpaqi Comercial Premium","description":"Permite Modificar en ContPaqi Comercial Premium: Fechas, Clientes y Proveedores en cualquier documento generado","robots":{"index":"index","follow":"follow","max-snippet":"max-snippet:-1","max-image-preview":"max-image-preview:large","max-video-preview":"max-video-preview:-1"},"canonical":"https:\/\/www.insae.com.mx\/?product=modifica-fechas-contpaqi","og_locale":"es_ES","og_type":"article","og_title":"Utileria Ajuste de Fechas en Contpaqi Comercial Premium - Inform\u00e1tica, Soluci\u00f3n y Asesor\u00eda Empresarial","og_description":"Permite Modificar en ContPaqi Comercial Premium: Fechas, Clientes y Proveedores en cualquier documento generado","og_url":"https:\/\/www.insae.com.mx\/?product=modifica-fechas-contpaqi","og_site_name":"Inform\u00e1tica, Soluci\u00f3n y Asesor\u00eda Empresarial","article_modified_time":"2025-09-26T22:06:48+00:00","og_image":[{"width":1700,"height":624,"url":"https:\/\/www.insae.com.mx\/wp-content\/uploads\/2021\/07\/Caratula-fechas-1.png","type":"image\/png"}],"twitter_card":"summary_large_image","twitter_misc":{"Tiempo de lectura":"1 minuto"},"schema":{"@context":"https:\/\/schema.org","@graph":[{"@type":"WebPage","@id":"https:\/\/www.insae.com.mx\/?product=modifica-fechas-contpaqi","url":"https:\/\/www.insae.com.mx\/?product=modifica-fechas-contpaqi","name":"Utileria Ajuste de Fechas en Contpaqi Comercial Premium","isPartOf":{"@id":"https:\/\/www.insae.com.mx\/#website"},"primaryImageOfPage":{"@id":"https:\/\/www.insae.com.mx\/?product=modifica-fechas-contpaqi#primaryimage"},"image":{"@id":"https:\/\/www.insae.com.mx\/?product=modifica-fechas-contpaqi#primaryimage"},"thumbnailUrl":"https:\/\/www.insae.com.mx\/wp-content\/uploads\/2021\/07\/FECHAS-CTI-PREMIUM-FOTO.png","datePublished":"2021-07-30T21:29:27+00:00","dateModified":"2025-09-26T22:06:48+00:00","description":"Permite Modificar en ContPaqi Comercial Premium: Fechas, Clientes y Proveedores en cualquier documento generado","breadcrumb":{"@id":"https:\/\/www.insae.com.mx\/?product=modifica-fechas-contpaqi#breadcrumb"},"inLanguage":"es","potentialAction":[{"@type":"ReadAction","target":["https:\/\/www.insae.com.mx\/?product=modifica-fechas-contpaqi"]}]},{"@type":"ImageObject","inLanguage":"es","@id":"https:\/\/www.insae.com.mx\/?product=modifica-fechas-contpaqi#primaryimage","url":"https:\/\/www.insae.com.mx\/wp-content\/uploads\/2021\/07\/FECHAS-CTI-PREMIUM-FOTO.png","contentUrl":"https:\/\/www.insae.com.mx\/wp-content\/uploads\/2021\/07\/FECHAS-CTI-PREMIUM-FOTO.png","width":583,"height":445},{"@type":"BreadcrumbList","@id":"https:\/\/www.insae.com.mx\/?product=modifica-fechas-contpaqi#breadcrumb","itemListElement":[{"@type":"ListItem","position":1,"name":"Inicio","item":"https:\/\/www.insae.com.mx\/"},{"@type":"ListItem","position":2,"name":"Tienda","item":"https:\/\/www.insae.com.mx\/?page_id=69"},{"@type":"ListItem","position":3,"name":"Utileria Ajuste de Fechas en Contpaqi Comercial Premium"}]},{"@type":"WebSite","@id":"https:\/\/www.insae.com.mx\/#website","url":"https:\/\/www.insae.com.mx\/","name":"Inform\u00e1tica, Soluci\u00f3n y Asesor\u00eda Empresarial","description":"Venta de Equipos de C\u00f3mputo, Accesorios e Impresoras. Asesor\u00edas y Soporte T\u00e9cnico","publisher":{"@id":"https:\/\/www.insae.com.mx\/#organization"},"potentialAction":[{"@type":"SearchAction","target":{"@type":"EntryPoint","urlTemplate":"https:\/\/www.insae.com.mx\/?s={search_term_string}"},"query-input":{"@type":"PropertyValueSpecification","valueRequired":true,"valueName":"search_term_string"}}],"inLanguage":"es"},{"@type":"Organization","@id":"https:\/\/www.insae.com.mx\/#organization","name":"INSAE","url":"https:\/\/www.insae.com.mx\/","logo":{"@type":"ImageObject","inLanguage":"es","@id":"https:\/\/www.insae.com.mx\/#\/schema\/logo\/image\/","url":"https:\/\/www.insae.com.mx\/wp-content\/uploads\/2017\/05\/cropped-cropped-cropped-cropped-logo-min-4.png","contentUrl":"https:\/\/www.insae.com.mx\/wp-content\/uploads\/2017\/05\/cropped-cropped-cropped-cropped-logo-min-4.png","width":197,"height":52,"caption":"INSAE"},"image":{"@id":"https:\/\/www.insae.com.mx\/#\/schema\/logo\/image\/"}}]}},"_links":{"self":[{"href":"https:\/\/www.insae.com.mx\/index.php?rest_route=\/wp\/v2\/product\/3169","targetHints":{"allow":["GET"]}}],"collection":[{"href":"https:\/\/www.insae.com.mx\/index.php?rest_route=\/wp\/v2\/product"}],"about":[{"href":"https:\/\/www.insae.com.mx\/index.php?rest_route=\/wp\/v2\/types\/product"}],"replies":[{"embeddable":true,"href":"https:\/\/www.insae.com.mx\/index.php?rest_route=%2Fwp%2Fv2%2Fcomments&post=3169"}],"version-history":[{"count":23,"href":"https:\/\/www.insae.com.mx\/index.php?rest_route=\/wp\/v2\/product\/3169\/revisions"}],"predecessor-version":[{"id":3896,"href":"https:\/\/www.insae.com.mx\/index.php?rest_route=\/wp\/v2\/product\/3169\/revisions\/3896"}],"wp:featuredmedia":[{"embeddable":true,"href":"https:\/\/www.insae.com.mx\/index.php?rest_route=\/wp\/v2\/media\/3170"}],"wp:attachment":[{"href":"https:\/\/www.insae.com.mx\/index.php?rest_route=%2Fwp%2Fv2%2Fmedia&parent=3169"}],"wp:term":[{"taxonomy":"product_brand","embeddable":true,"href":"https:\/\/www.insae.com.mx\/index.php?rest_route=%2Fwp%2Fv2%2Fproduct_brand&post=3169"},{"taxonomy":"product_cat","embeddable":true,"href":"https:\/\/www.insae.com.mx\/index.php?rest_route=%2Fwp%2Fv2%2Fproduct_cat&post=3169"},{"taxonomy":"product_tag","embeddable":true,"href":"https:\/\/www.insae.com.mx\/index.php?rest_route=%2Fwp%2Fv2%2Fproduct_tag&post=3169"}],"curies":[{"name":"wp","href":"https:\/\/api.w.org\/{rel}","templated":true}]}}