{"id":3679,"date":"2024-10-30T15:38:01","date_gmt":"2024-10-30T21:38:01","guid":{"rendered":"https:\/\/www.insae.com.mx\/?post_type=product&#038;p=3679"},"modified":"2025-02-01T01:15:04","modified_gmt":"2025-02-01T07:15:04","slug":"autorespaldos-sql-insae","status":"publish","type":"product","link":"https:\/\/www.insae.com.mx\/?product=autorespaldos-sql-insae","title":{"rendered":"AutoRespaldos SQL INSAE"},"content":{"rendered":"","protected":false},"excerpt":{"rendered":"<ul>\n<li>Respalda la informaci\u00f3n elegida, bases de datos SQL, Archivos PDF, Word, Excel, Powerpoint, texto, Visio, AutoCAD, etc.<\/li>\n<li>Se puede Programar para auto respaldar la informaci\u00f3n deseada conforme a los d\u00edas elegidos.<\/li>\n<li>Licenciamiento Anual<\/li>\n<li>Solicita una Demostraci\u00f3n<\/li>\n<\/ul>\n<p>&nbsp;<\/p>\n","protected":false},"featured_media":3685,"comment_status":"open","ping_status":"closed","template":"","meta":[],"product_brand":[],"product_cat":[63],"product_tag":[],"class_list":{"0":"post-3679","1":"product","2":"type-product","3":"status-publish","4":"has-post-thumbnail","6":"product_cat-sistemas","8":"first","9":"instock","10":"featured","11":"virtual","12":"taxable","13":"purchasable","14":"product-type-simple","15":"czr-hentry"},"yoast_head":"<!-- This site is optimized with the Yoast SEO plugin v27.4 - https:\/\/yoast.com\/product\/yoast-seo-wordpress\/ -->\n<title>AutoRespaldos SQL INSAE<\/title>\n<meta name=\"description\" content=\"Respalda la informaci\u00f3n elegida, bases de datos SQL, Archivos PDF, Word, Excel, Powerpoint, texto, Visio, AutoCAD, etc. Se puede Programar para auto respaldar la informaci\u00f3n deseada conforme a los d\u00edas elegidos.\" \/>\n<meta name=\"robots\" content=\"index, follow, max-snippet:-1, max-image-preview:large, max-video-preview:-1\" \/>\n<link rel=\"canonical\" href=\"https:\/\/www.insae.com.mx\/?product=autorespaldos-sql-insae\" \/>\n<meta property=\"og:locale\" content=\"es_ES\" \/>\n<meta property=\"og:type\" content=\"article\" \/>\n<meta property=\"og:title\" content=\"AutoRespaldos SQL INSAE\" \/>\n<meta property=\"og:description\" content=\"Respalda la informaci\u00f3n elegida, bases de datos SQL, Archivos PDF, Word, Excel, Powerpoint, texto, Visio, AutoCAD, etc. Se puede Programar para auto respaldar la informaci\u00f3n deseada conforme a los d\u00edas elegidos.\" \/>\n<meta property=\"og:url\" content=\"https:\/\/www.insae.com.mx\/?product=autorespaldos-sql-insae\" \/>\n<meta property=\"og:site_name\" content=\"Inform\u00e1tica, Soluci\u00f3n y Asesor\u00eda Empresarial\" \/>\n<meta property=\"article:modified_time\" content=\"2025-02-01T07:15:04+00:00\" \/>\n<meta property=\"og:image\" content=\"https:\/\/www.insae.com.mx\/wp-content\/uploads\/2024\/10\/aUTOrESP_LOGO.png\" \/>\n\t<meta property=\"og:image:width\" content=\"477\" \/>\n\t<meta property=\"og:image:height\" content=\"276\" \/>\n\t<meta property=\"og:image:type\" content=\"image\/png\" \/>\n<meta name=\"twitter:card\" content=\"summary_large_image\" \/>\n<meta name=\"twitter:label1\" content=\"Tiempo de lectura\" \/>\n\t<meta name=\"twitter:data1\" content=\"1 minuto\" \/>\n<script type=\"application\/ld+json\" class=\"yoast-schema-graph\">{\"@context\":\"https:\\\/\\\/schema.org\",\"@graph\":[{\"@type\":\"WebPage\",\"@id\":\"https:\\\/\\\/www.insae.com.mx\\\/?product=autorespaldos-sql-insae\",\"url\":\"https:\\\/\\\/www.insae.com.mx\\\/?product=autorespaldos-sql-insae\",\"name\":\"AutoRespaldos SQL INSAE\",\"isPartOf\":{\"@id\":\"https:\\\/\\\/www.insae.com.mx\\\/#website\"},\"primaryImageOfPage\":{\"@id\":\"https:\\\/\\\/www.insae.com.mx\\\/?product=autorespaldos-sql-insae#primaryimage\"},\"image\":{\"@id\":\"https:\\\/\\\/www.insae.com.mx\\\/?product=autorespaldos-sql-insae#primaryimage\"},\"thumbnailUrl\":\"https:\\\/\\\/www.insae.com.mx\\\/wp-content\\\/uploads\\\/2024\\\/10\\\/aUTOrESP_LOGO.png\",\"datePublished\":\"2024-10-30T21:38:01+00:00\",\"dateModified\":\"2025-02-01T07:15:04+00:00\",\"description\":\"Respalda la informaci\u00f3n elegida, bases de datos SQL, Archivos PDF, Word, Excel, Powerpoint, texto, Visio, AutoCAD, etc. Se puede Programar para auto respaldar la informaci\u00f3n deseada conforme a los d\u00edas elegidos.\",\"breadcrumb\":{\"@id\":\"https:\\\/\\\/www.insae.com.mx\\\/?product=autorespaldos-sql-insae#breadcrumb\"},\"inLanguage\":\"es\",\"potentialAction\":[{\"@type\":\"ReadAction\",\"target\":[\"https:\\\/\\\/www.insae.com.mx\\\/?product=autorespaldos-sql-insae\"]}]},{\"@type\":\"ImageObject\",\"inLanguage\":\"es\",\"@id\":\"https:\\\/\\\/www.insae.com.mx\\\/?product=autorespaldos-sql-insae#primaryimage\",\"url\":\"https:\\\/\\\/www.insae.com.mx\\\/wp-content\\\/uploads\\\/2024\\\/10\\\/aUTOrESP_LOGO.png\",\"contentUrl\":\"https:\\\/\\\/www.insae.com.mx\\\/wp-content\\\/uploads\\\/2024\\\/10\\\/aUTOrESP_LOGO.png\",\"width\":477,\"height\":276},{\"@type\":\"BreadcrumbList\",\"@id\":\"https:\\\/\\\/www.insae.com.mx\\\/?product=autorespaldos-sql-insae#breadcrumb\",\"itemListElement\":[{\"@type\":\"ListItem\",\"position\":1,\"name\":\"Inicio\",\"item\":\"https:\\\/\\\/www.insae.com.mx\\\/\"},{\"@type\":\"ListItem\",\"position\":2,\"name\":\"Tienda\",\"item\":\"https:\\\/\\\/www.insae.com.mx\\\/?page_id=69\"},{\"@type\":\"ListItem\",\"position\":3,\"name\":\"AutoRespaldos SQL INSAE\"}]},{\"@type\":\"WebSite\",\"@id\":\"https:\\\/\\\/www.insae.com.mx\\\/#website\",\"url\":\"https:\\\/\\\/www.insae.com.mx\\\/\",\"name\":\"Inform\u00e1tica, Soluci\u00f3n y Asesor\u00eda Empresarial\",\"description\":\"Venta de Equipos de C\u00f3mputo, Accesorios e Impresoras. Asesor\u00edas y Soporte T\u00e9cnico\",\"publisher\":{\"@id\":\"https:\\\/\\\/www.insae.com.mx\\\/#organization\"},\"potentialAction\":[{\"@type\":\"SearchAction\",\"target\":{\"@type\":\"EntryPoint\",\"urlTemplate\":\"https:\\\/\\\/www.insae.com.mx\\\/?s={search_term_string}\"},\"query-input\":{\"@type\":\"PropertyValueSpecification\",\"valueRequired\":true,\"valueName\":\"search_term_string\"}}],\"inLanguage\":\"es\"},{\"@type\":\"Organization\",\"@id\":\"https:\\\/\\\/www.insae.com.mx\\\/#organization\",\"name\":\"INSAE\",\"url\":\"https:\\\/\\\/www.insae.com.mx\\\/\",\"logo\":{\"@type\":\"ImageObject\",\"inLanguage\":\"es\",\"@id\":\"https:\\\/\\\/www.insae.com.mx\\\/#\\\/schema\\\/logo\\\/image\\\/\",\"url\":\"https:\\\/\\\/www.insae.com.mx\\\/wp-content\\\/uploads\\\/2017\\\/05\\\/cropped-cropped-cropped-cropped-logo-min-4.png\",\"contentUrl\":\"https:\\\/\\\/www.insae.com.mx\\\/wp-content\\\/uploads\\\/2017\\\/05\\\/cropped-cropped-cropped-cropped-logo-min-4.png\",\"width\":197,\"height\":52,\"caption\":\"INSAE\"},\"image\":{\"@id\":\"https:\\\/\\\/www.insae.com.mx\\\/#\\\/schema\\\/logo\\\/image\\\/\"}}]}<\/script>\n<!-- \/ Yoast SEO plugin. -->","yoast_head_json":{"title":"AutoRespaldos SQL INSAE","description":"Respalda la informaci\u00f3n elegida, bases de datos SQL, Archivos PDF, Word, Excel, Powerpoint, texto, Visio, AutoCAD, etc. Se puede Programar para auto respaldar la informaci\u00f3n deseada conforme a los d\u00edas elegidos.","robots":{"index":"index","follow":"follow","max-snippet":"max-snippet:-1","max-image-preview":"max-image-preview:large","max-video-preview":"max-video-preview:-1"},"canonical":"https:\/\/www.insae.com.mx\/?product=autorespaldos-sql-insae","og_locale":"es_ES","og_type":"article","og_title":"AutoRespaldos SQL INSAE","og_description":"Respalda la informaci\u00f3n elegida, bases de datos SQL, Archivos PDF, Word, Excel, Powerpoint, texto, Visio, AutoCAD, etc. Se puede Programar para auto respaldar la informaci\u00f3n deseada conforme a los d\u00edas elegidos.","og_url":"https:\/\/www.insae.com.mx\/?product=autorespaldos-sql-insae","og_site_name":"Inform\u00e1tica, Soluci\u00f3n y Asesor\u00eda Empresarial","article_modified_time":"2025-02-01T07:15:04+00:00","og_image":[{"width":477,"height":276,"url":"https:\/\/www.insae.com.mx\/wp-content\/uploads\/2024\/10\/aUTOrESP_LOGO.png","type":"image\/png"}],"twitter_card":"summary_large_image","twitter_misc":{"Tiempo de lectura":"1 minuto"},"schema":{"@context":"https:\/\/schema.org","@graph":[{"@type":"WebPage","@id":"https:\/\/www.insae.com.mx\/?product=autorespaldos-sql-insae","url":"https:\/\/www.insae.com.mx\/?product=autorespaldos-sql-insae","name":"AutoRespaldos SQL INSAE","isPartOf":{"@id":"https:\/\/www.insae.com.mx\/#website"},"primaryImageOfPage":{"@id":"https:\/\/www.insae.com.mx\/?product=autorespaldos-sql-insae#primaryimage"},"image":{"@id":"https:\/\/www.insae.com.mx\/?product=autorespaldos-sql-insae#primaryimage"},"thumbnailUrl":"https:\/\/www.insae.com.mx\/wp-content\/uploads\/2024\/10\/aUTOrESP_LOGO.png","datePublished":"2024-10-30T21:38:01+00:00","dateModified":"2025-02-01T07:15:04+00:00","description":"Respalda la informaci\u00f3n elegida, bases de datos SQL, Archivos PDF, Word, Excel, Powerpoint, texto, Visio, AutoCAD, etc. Se puede Programar para auto respaldar la informaci\u00f3n deseada conforme a los d\u00edas elegidos.","breadcrumb":{"@id":"https:\/\/www.insae.com.mx\/?product=autorespaldos-sql-insae#breadcrumb"},"inLanguage":"es","potentialAction":[{"@type":"ReadAction","target":["https:\/\/www.insae.com.mx\/?product=autorespaldos-sql-insae"]}]},{"@type":"ImageObject","inLanguage":"es","@id":"https:\/\/www.insae.com.mx\/?product=autorespaldos-sql-insae#primaryimage","url":"https:\/\/www.insae.com.mx\/wp-content\/uploads\/2024\/10\/aUTOrESP_LOGO.png","contentUrl":"https:\/\/www.insae.com.mx\/wp-content\/uploads\/2024\/10\/aUTOrESP_LOGO.png","width":477,"height":276},{"@type":"BreadcrumbList","@id":"https:\/\/www.insae.com.mx\/?product=autorespaldos-sql-insae#breadcrumb","itemListElement":[{"@type":"ListItem","position":1,"name":"Inicio","item":"https:\/\/www.insae.com.mx\/"},{"@type":"ListItem","position":2,"name":"Tienda","item":"https:\/\/www.insae.com.mx\/?page_id=69"},{"@type":"ListItem","position":3,"name":"AutoRespaldos SQL INSAE"}]},{"@type":"WebSite","@id":"https:\/\/www.insae.com.mx\/#website","url":"https:\/\/www.insae.com.mx\/","name":"Inform\u00e1tica, Soluci\u00f3n y Asesor\u00eda Empresarial","description":"Venta de Equipos de C\u00f3mputo, Accesorios e Impresoras. Asesor\u00edas y Soporte T\u00e9cnico","publisher":{"@id":"https:\/\/www.insae.com.mx\/#organization"},"potentialAction":[{"@type":"SearchAction","target":{"@type":"EntryPoint","urlTemplate":"https:\/\/www.insae.com.mx\/?s={search_term_string}"},"query-input":{"@type":"PropertyValueSpecification","valueRequired":true,"valueName":"search_term_string"}}],"inLanguage":"es"},{"@type":"Organization","@id":"https:\/\/www.insae.com.mx\/#organization","name":"INSAE","url":"https:\/\/www.insae.com.mx\/","logo":{"@type":"ImageObject","inLanguage":"es","@id":"https:\/\/www.insae.com.mx\/#\/schema\/logo\/image\/","url":"https:\/\/www.insae.com.mx\/wp-content\/uploads\/2017\/05\/cropped-cropped-cropped-cropped-logo-min-4.png","contentUrl":"https:\/\/www.insae.com.mx\/wp-content\/uploads\/2017\/05\/cropped-cropped-cropped-cropped-logo-min-4.png","width":197,"height":52,"caption":"INSAE"},"image":{"@id":"https:\/\/www.insae.com.mx\/#\/schema\/logo\/image\/"}}]}},"_links":{"self":[{"href":"https:\/\/www.insae.com.mx\/index.php?rest_route=\/wp\/v2\/product\/3679","targetHints":{"allow":["GET"]}}],"collection":[{"href":"https:\/\/www.insae.com.mx\/index.php?rest_route=\/wp\/v2\/product"}],"about":[{"href":"https:\/\/www.insae.com.mx\/index.php?rest_route=\/wp\/v2\/types\/product"}],"replies":[{"embeddable":true,"href":"https:\/\/www.insae.com.mx\/index.php?rest_route=%2Fwp%2Fv2%2Fcomments&post=3679"}],"version-history":[{"count":6,"href":"https:\/\/www.insae.com.mx\/index.php?rest_route=\/wp\/v2\/product\/3679\/revisions"}],"predecessor-version":[{"id":3695,"href":"https:\/\/www.insae.com.mx\/index.php?rest_route=\/wp\/v2\/product\/3679\/revisions\/3695"}],"wp:featuredmedia":[{"embeddable":true,"href":"https:\/\/www.insae.com.mx\/index.php?rest_route=\/wp\/v2\/media\/3685"}],"wp:attachment":[{"href":"https:\/\/www.insae.com.mx\/index.php?rest_route=%2Fwp%2Fv2%2Fmedia&parent=3679"}],"wp:term":[{"taxonomy":"product_brand","embeddable":true,"href":"https:\/\/www.insae.com.mx\/index.php?rest_route=%2Fwp%2Fv2%2Fproduct_brand&post=3679"},{"taxonomy":"product_cat","embeddable":true,"href":"https:\/\/www.insae.com.mx\/index.php?rest_route=%2Fwp%2Fv2%2Fproduct_cat&post=3679"},{"taxonomy":"product_tag","embeddable":true,"href":"https:\/\/www.insae.com.mx\/index.php?rest_route=%2Fwp%2Fv2%2Fproduct_tag&post=3679"}],"curies":[{"name":"wp","href":"https:\/\/api.w.org\/{rel}","templated":true}]}}