{"id":3861,"date":"2025-09-18T15:48:15","date_gmt":"2025-09-18T21:48:15","guid":{"rendered":"https:\/\/www.insae.com.mx\/?post_type=product&#038;p=3861"},"modified":"2026-04-14T01:24:53","modified_gmt":"2026-04-14T07:24:53","slug":"verificador-de-precios-para-contpaqi-comercial-premium","status":"publish","type":"product","link":"https:\/\/www.insae.com.mx\/?product=verificador-de-precios-para-contpaqi-comercial-premium","title":{"rendered":"VERIFICADOR DE PRECIOS PARA CONTPAQI COMERCIAL PREMIUM"},"content":{"rendered":"","protected":false},"excerpt":{"rendered":"<p><strong>VERIFICADOR DE PRECIOS &#8211; INSAE<\/strong><\/p>\n<p>Licenciamiento anual<\/p>\n<p>Licencia para 2 PC \/ DISPOSITIVOS<\/p>\n<p>&nbsp;<\/p>\n<p><a href=\"https:\/\/www.youtube.com\/watch?v=fflWXtmtK9I\">Ver Video<\/a><\/p>\n","protected":false},"featured_media":3867,"comment_status":"open","ping_status":"closed","template":"elementor_theme","meta":[],"product_brand":[],"product_cat":[63],"product_tag":[],"class_list":{"0":"post-3861","1":"product","2":"type-product","3":"status-publish","4":"has-post-thumbnail","6":"product_cat-sistemas","8":"first","9":"instock","10":"taxable","11":"shipping-taxable","12":"purchasable","13":"product-type-simple","14":"czr-hentry"},"yoast_head":"<!-- This site is optimized with the Yoast SEO plugin v27.4 - https:\/\/yoast.com\/product\/yoast-seo-wordpress\/ -->\n<title>VERIFICADOR DE PRECIOS PARA CONTPAQI COMERCIAL PREMIUM - Inform\u00e1tica, Soluci\u00f3n y Asesor\u00eda Empresarial<\/title>\n<meta name=\"description\" content=\"Verificador de Precios para Contpaqi Comercial Premium, Facil y Sencillo - Inform\u00e1tica, Soluci\u00f3n y Asesor\u00eda Empresarial\" \/>\n<meta name=\"robots\" content=\"index, follow, max-snippet:-1, max-image-preview:large, max-video-preview:-1\" \/>\n<link rel=\"canonical\" href=\"https:\/\/www.insae.com.mx\/?product=verificador-de-precios-para-contpaqi-comercial-premium\" \/>\n<meta property=\"og:locale\" content=\"es_ES\" \/>\n<meta property=\"og:type\" content=\"article\" \/>\n<meta property=\"og:title\" content=\"VERIFICADOR DE PRECIOS PARA CONTPAQI COMERCIAL PREMIUM - Inform\u00e1tica, Soluci\u00f3n y Asesor\u00eda Empresarial\" \/>\n<meta property=\"og:description\" content=\"Verificador de Precios para Contpaqi Comercial Premium, Facil y Sencillo - Inform\u00e1tica, Soluci\u00f3n y Asesor\u00eda Empresarial\" \/>\n<meta property=\"og:url\" content=\"https:\/\/www.insae.com.mx\/?product=verificador-de-precios-para-contpaqi-comercial-premium\" \/>\n<meta property=\"og:site_name\" content=\"Inform\u00e1tica, Soluci\u00f3n y Asesor\u00eda Empresarial\" \/>\n<meta property=\"article:modified_time\" content=\"2026-04-14T07:24:53+00:00\" \/>\n<meta property=\"og:image\" content=\"https:\/\/www.insae.com.mx\/wp-content\/uploads\/2025\/09\/Verificador2.png\" \/>\n\t<meta property=\"og:image:width\" content=\"1195\" \/>\n\t<meta property=\"og:image:height\" content=\"817\" \/>\n\t<meta property=\"og:image:type\" content=\"image\/png\" \/>\n<meta name=\"twitter:card\" content=\"summary_large_image\" \/>\n<meta name=\"twitter:label1\" content=\"Tiempo de lectura\" \/>\n\t<meta name=\"twitter:data1\" content=\"1 minuto\" \/>\n<script type=\"application\/ld+json\" class=\"yoast-schema-graph\">{\"@context\":\"https:\\\/\\\/schema.org\",\"@graph\":[{\"@type\":\"WebPage\",\"@id\":\"https:\\\/\\\/www.insae.com.mx\\\/?product=verificador-de-precios-para-contpaqi-comercial-premium\",\"url\":\"https:\\\/\\\/www.insae.com.mx\\\/?product=verificador-de-precios-para-contpaqi-comercial-premium\",\"name\":\"VERIFICADOR DE PRECIOS PARA CONTPAQI COMERCIAL PREMIUM - Inform\u00e1tica, Soluci\u00f3n y Asesor\u00eda Empresarial\",\"isPartOf\":{\"@id\":\"https:\\\/\\\/www.insae.com.mx\\\/#website\"},\"primaryImageOfPage\":{\"@id\":\"https:\\\/\\\/www.insae.com.mx\\\/?product=verificador-de-precios-para-contpaqi-comercial-premium#primaryimage\"},\"image\":{\"@id\":\"https:\\\/\\\/www.insae.com.mx\\\/?product=verificador-de-precios-para-contpaqi-comercial-premium#primaryimage\"},\"thumbnailUrl\":\"https:\\\/\\\/www.insae.com.mx\\\/wp-content\\\/uploads\\\/2025\\\/09\\\/Verificador2.png\",\"datePublished\":\"2025-09-18T21:48:15+00:00\",\"dateModified\":\"2026-04-14T07:24:53+00:00\",\"description\":\"Verificador de Precios para Contpaqi Comercial Premium, Facil y Sencillo - Inform\u00e1tica, Soluci\u00f3n y Asesor\u00eda Empresarial\",\"breadcrumb\":{\"@id\":\"https:\\\/\\\/www.insae.com.mx\\\/?product=verificador-de-precios-para-contpaqi-comercial-premium#breadcrumb\"},\"inLanguage\":\"es\",\"potentialAction\":[{\"@type\":\"ReadAction\",\"target\":[\"https:\\\/\\\/www.insae.com.mx\\\/?product=verificador-de-precios-para-contpaqi-comercial-premium\"]}]},{\"@type\":\"ImageObject\",\"inLanguage\":\"es\",\"@id\":\"https:\\\/\\\/www.insae.com.mx\\\/?product=verificador-de-precios-para-contpaqi-comercial-premium#primaryimage\",\"url\":\"https:\\\/\\\/www.insae.com.mx\\\/wp-content\\\/uploads\\\/2025\\\/09\\\/Verificador2.png\",\"contentUrl\":\"https:\\\/\\\/www.insae.com.mx\\\/wp-content\\\/uploads\\\/2025\\\/09\\\/Verificador2.png\",\"width\":1195,\"height\":817},{\"@type\":\"BreadcrumbList\",\"@id\":\"https:\\\/\\\/www.insae.com.mx\\\/?product=verificador-de-precios-para-contpaqi-comercial-premium#breadcrumb\",\"itemListElement\":[{\"@type\":\"ListItem\",\"position\":1,\"name\":\"Inicio\",\"item\":\"https:\\\/\\\/www.insae.com.mx\\\/\"},{\"@type\":\"ListItem\",\"position\":2,\"name\":\"Tienda\",\"item\":\"https:\\\/\\\/www.insae.com.mx\\\/?page_id=69\"},{\"@type\":\"ListItem\",\"position\":3,\"name\":\"VERIFICADOR DE PRECIOS PARA CONTPAQI COMERCIAL PREMIUM\"}]},{\"@type\":\"WebSite\",\"@id\":\"https:\\\/\\\/www.insae.com.mx\\\/#website\",\"url\":\"https:\\\/\\\/www.insae.com.mx\\\/\",\"name\":\"Inform\u00e1tica, Soluci\u00f3n y Asesor\u00eda Empresarial\",\"description\":\"Venta de Equipos de C\u00f3mputo, Accesorios e Impresoras. Asesor\u00edas y Soporte T\u00e9cnico\",\"publisher\":{\"@id\":\"https:\\\/\\\/www.insae.com.mx\\\/#organization\"},\"potentialAction\":[{\"@type\":\"SearchAction\",\"target\":{\"@type\":\"EntryPoint\",\"urlTemplate\":\"https:\\\/\\\/www.insae.com.mx\\\/?s={search_term_string}\"},\"query-input\":{\"@type\":\"PropertyValueSpecification\",\"valueRequired\":true,\"valueName\":\"search_term_string\"}}],\"inLanguage\":\"es\"},{\"@type\":\"Organization\",\"@id\":\"https:\\\/\\\/www.insae.com.mx\\\/#organization\",\"name\":\"INSAE\",\"url\":\"https:\\\/\\\/www.insae.com.mx\\\/\",\"logo\":{\"@type\":\"ImageObject\",\"inLanguage\":\"es\",\"@id\":\"https:\\\/\\\/www.insae.com.mx\\\/#\\\/schema\\\/logo\\\/image\\\/\",\"url\":\"https:\\\/\\\/www.insae.com.mx\\\/wp-content\\\/uploads\\\/2017\\\/05\\\/cropped-cropped-cropped-cropped-logo-min-4.png\",\"contentUrl\":\"https:\\\/\\\/www.insae.com.mx\\\/wp-content\\\/uploads\\\/2017\\\/05\\\/cropped-cropped-cropped-cropped-logo-min-4.png\",\"width\":197,\"height\":52,\"caption\":\"INSAE\"},\"image\":{\"@id\":\"https:\\\/\\\/www.insae.com.mx\\\/#\\\/schema\\\/logo\\\/image\\\/\"}}]}<\/script>\n<!-- \/ Yoast SEO plugin. -->","yoast_head_json":{"title":"VERIFICADOR DE PRECIOS PARA CONTPAQI COMERCIAL PREMIUM - Inform\u00e1tica, Soluci\u00f3n y Asesor\u00eda Empresarial","description":"Verificador de Precios para Contpaqi Comercial Premium, Facil y Sencillo - Inform\u00e1tica, Soluci\u00f3n y Asesor\u00eda Empresarial","robots":{"index":"index","follow":"follow","max-snippet":"max-snippet:-1","max-image-preview":"max-image-preview:large","max-video-preview":"max-video-preview:-1"},"canonical":"https:\/\/www.insae.com.mx\/?product=verificador-de-precios-para-contpaqi-comercial-premium","og_locale":"es_ES","og_type":"article","og_title":"VERIFICADOR DE PRECIOS PARA CONTPAQI COMERCIAL PREMIUM - Inform\u00e1tica, Soluci\u00f3n y Asesor\u00eda Empresarial","og_description":"Verificador de Precios para Contpaqi Comercial Premium, Facil y Sencillo - Inform\u00e1tica, Soluci\u00f3n y Asesor\u00eda Empresarial","og_url":"https:\/\/www.insae.com.mx\/?product=verificador-de-precios-para-contpaqi-comercial-premium","og_site_name":"Inform\u00e1tica, Soluci\u00f3n y Asesor\u00eda Empresarial","article_modified_time":"2026-04-14T07:24:53+00:00","og_image":[{"width":1195,"height":817,"url":"https:\/\/www.insae.com.mx\/wp-content\/uploads\/2025\/09\/Verificador2.png","type":"image\/png"}],"twitter_card":"summary_large_image","twitter_misc":{"Tiempo de lectura":"1 minuto"},"schema":{"@context":"https:\/\/schema.org","@graph":[{"@type":"WebPage","@id":"https:\/\/www.insae.com.mx\/?product=verificador-de-precios-para-contpaqi-comercial-premium","url":"https:\/\/www.insae.com.mx\/?product=verificador-de-precios-para-contpaqi-comercial-premium","name":"VERIFICADOR DE PRECIOS PARA CONTPAQI COMERCIAL PREMIUM - Inform\u00e1tica, Soluci\u00f3n y Asesor\u00eda Empresarial","isPartOf":{"@id":"https:\/\/www.insae.com.mx\/#website"},"primaryImageOfPage":{"@id":"https:\/\/www.insae.com.mx\/?product=verificador-de-precios-para-contpaqi-comercial-premium#primaryimage"},"image":{"@id":"https:\/\/www.insae.com.mx\/?product=verificador-de-precios-para-contpaqi-comercial-premium#primaryimage"},"thumbnailUrl":"https:\/\/www.insae.com.mx\/wp-content\/uploads\/2025\/09\/Verificador2.png","datePublished":"2025-09-18T21:48:15+00:00","dateModified":"2026-04-14T07:24:53+00:00","description":"Verificador de Precios para Contpaqi Comercial Premium, Facil y Sencillo - Inform\u00e1tica, Soluci\u00f3n y Asesor\u00eda Empresarial","breadcrumb":{"@id":"https:\/\/www.insae.com.mx\/?product=verificador-de-precios-para-contpaqi-comercial-premium#breadcrumb"},"inLanguage":"es","potentialAction":[{"@type":"ReadAction","target":["https:\/\/www.insae.com.mx\/?product=verificador-de-precios-para-contpaqi-comercial-premium"]}]},{"@type":"ImageObject","inLanguage":"es","@id":"https:\/\/www.insae.com.mx\/?product=verificador-de-precios-para-contpaqi-comercial-premium#primaryimage","url":"https:\/\/www.insae.com.mx\/wp-content\/uploads\/2025\/09\/Verificador2.png","contentUrl":"https:\/\/www.insae.com.mx\/wp-content\/uploads\/2025\/09\/Verificador2.png","width":1195,"height":817},{"@type":"BreadcrumbList","@id":"https:\/\/www.insae.com.mx\/?product=verificador-de-precios-para-contpaqi-comercial-premium#breadcrumb","itemListElement":[{"@type":"ListItem","position":1,"name":"Inicio","item":"https:\/\/www.insae.com.mx\/"},{"@type":"ListItem","position":2,"name":"Tienda","item":"https:\/\/www.insae.com.mx\/?page_id=69"},{"@type":"ListItem","position":3,"name":"VERIFICADOR DE PRECIOS PARA CONTPAQI COMERCIAL PREMIUM"}]},{"@type":"WebSite","@id":"https:\/\/www.insae.com.mx\/#website","url":"https:\/\/www.insae.com.mx\/","name":"Inform\u00e1tica, Soluci\u00f3n y Asesor\u00eda Empresarial","description":"Venta de Equipos de C\u00f3mputo, Accesorios e Impresoras. Asesor\u00edas y Soporte T\u00e9cnico","publisher":{"@id":"https:\/\/www.insae.com.mx\/#organization"},"potentialAction":[{"@type":"SearchAction","target":{"@type":"EntryPoint","urlTemplate":"https:\/\/www.insae.com.mx\/?s={search_term_string}"},"query-input":{"@type":"PropertyValueSpecification","valueRequired":true,"valueName":"search_term_string"}}],"inLanguage":"es"},{"@type":"Organization","@id":"https:\/\/www.insae.com.mx\/#organization","name":"INSAE","url":"https:\/\/www.insae.com.mx\/","logo":{"@type":"ImageObject","inLanguage":"es","@id":"https:\/\/www.insae.com.mx\/#\/schema\/logo\/image\/","url":"https:\/\/www.insae.com.mx\/wp-content\/uploads\/2017\/05\/cropped-cropped-cropped-cropped-logo-min-4.png","contentUrl":"https:\/\/www.insae.com.mx\/wp-content\/uploads\/2017\/05\/cropped-cropped-cropped-cropped-logo-min-4.png","width":197,"height":52,"caption":"INSAE"},"image":{"@id":"https:\/\/www.insae.com.mx\/#\/schema\/logo\/image\/"}}]}},"_links":{"self":[{"href":"https:\/\/www.insae.com.mx\/index.php?rest_route=\/wp\/v2\/product\/3861","targetHints":{"allow":["GET"]}}],"collection":[{"href":"https:\/\/www.insae.com.mx\/index.php?rest_route=\/wp\/v2\/product"}],"about":[{"href":"https:\/\/www.insae.com.mx\/index.php?rest_route=\/wp\/v2\/types\/product"}],"replies":[{"embeddable":true,"href":"https:\/\/www.insae.com.mx\/index.php?rest_route=%2Fwp%2Fv2%2Fcomments&post=3861"}],"version-history":[{"count":3,"href":"https:\/\/www.insae.com.mx\/index.php?rest_route=\/wp\/v2\/product\/3861\/revisions"}],"predecessor-version":[{"id":3868,"href":"https:\/\/www.insae.com.mx\/index.php?rest_route=\/wp\/v2\/product\/3861\/revisions\/3868"}],"wp:featuredmedia":[{"embeddable":true,"href":"https:\/\/www.insae.com.mx\/index.php?rest_route=\/wp\/v2\/media\/3867"}],"wp:attachment":[{"href":"https:\/\/www.insae.com.mx\/index.php?rest_route=%2Fwp%2Fv2%2Fmedia&parent=3861"}],"wp:term":[{"taxonomy":"product_brand","embeddable":true,"href":"https:\/\/www.insae.com.mx\/index.php?rest_route=%2Fwp%2Fv2%2Fproduct_brand&post=3861"},{"taxonomy":"product_cat","embeddable":true,"href":"https:\/\/www.insae.com.mx\/index.php?rest_route=%2Fwp%2Fv2%2Fproduct_cat&post=3861"},{"taxonomy":"product_tag","embeddable":true,"href":"https:\/\/www.insae.com.mx\/index.php?rest_route=%2Fwp%2Fv2%2Fproduct_tag&post=3861"}],"curies":[{"name":"wp","href":"https:\/\/api.w.org\/{rel}","templated":true}]}}